{"id":331,"date":"2012-08-31T16:50:11","date_gmt":"2012-08-31T16:50:11","guid":{"rendered":"http:\/\/iccinet.org\/?page_id=331"},"modified":"2012-08-31T19:08:00","modified_gmt":"2012-08-31T19:08:00","slug":"kortlivade-klimatpaverkande-luftfororeningar-short-lived-climate-pollutants-slcps","status":"publish","type":"page","link":"https:\/\/iccinet.org\/sv\/kortlivade-klimatpaverkande-luftfororeningar-short-lived-climate-pollutants-slcps\/","title":{"rendered":"Kortlivade klimatp\u00e5verkande Luftf\u00f6roreningar"},"content":{"rendered":"<h1>Betydelsen av Kortlivade Klimatp\u00e5verkande Luftf\u00f6roreningar<\/h1>\n<p>M\u00e5nga regioner i v\u00e4rlden lider av snabbare klimatf\u00f6r\u00e4ndringar och allvarliga problem med luftkvaliteten, ofta av b\u00e4gge.\u00a0Dessa inkluderar Arktis, Sydasien, delar av Afrika, och m\u00e5nga bergsomr\u00e5den och t\u00e4tbefolkade kustomr\u00e5den.\u00a0I Arktis och Himalaya, sker uppv\u00e4rmningen dubbelt s\u00e5 snabbt som globalt.\u00a0 Det har gett rekordl\u00e5g utstr\u00e4ckning av havsisen i Arktis de senaste 4 \u00e5ren.\u00a0Innevarande \u00e5r 20012 har slagit rekordet fr\u00e5n 2007. Den globala havsniv\u00e5n ber\u00e4knas nu \u00f6ka med 0,9 till 1,6 meter under de n\u00e4rmaste 90 \u00e5ren, mer \u00e4n tre g\u00e5nger vad IPCC uppskattade \u00e5r 2007.\u00a0Vattenresurser hotas i regioner beroende p\u00e5 avrinning fr\u00e5n glaci\u00e4rer under den torra tiden p\u00e5 \u00e5ret.\u00a0Glaci\u00e4rerna sm\u00e4lter i hela v\u00e4rlden, bland annat i viktiga avrinningsomr\u00e5den i Himalaya, som f\u00f6rser mer \u00e4n 40% av v\u00e4rldens befolkning med f\u00e4rskvatten.<\/p>\n<p>Luftkvaliteten f\u00f6rs\u00e4mras snabbt \u00a0i m\u00e5nga utvecklingsl\u00e4nder p\u00e5 grund av bl.a. partiklar fr\u00e5n diesel och anv\u00e4ndning av inhemska vedledade spisar och kaminer.\u00a0H\u00f6ga ozonkoncentrationer och utsl\u00e4pp av sot orsaka allvarliga h\u00e4lsoproblem och p\u00e5verkar sk\u00f6rdarna.\u00a0Metan \u00e4r en viktig global s.k. precursor till ozonbildning f\u00f6rutom att vara en mycket potent v\u00e4xthusgas.<\/p>\n<p>Samtidigt inneb\u00e4r den kortlivade karakt\u00e4ren hos dessa f\u00f6roreningar att minskade utsl\u00e4pp av dem ger snabba f\u00f6rb\u00e4ttringar genom att b\u00e5de minska regionala och globala temperatur\u00f6kningar och f\u00f6rb\u00e4ttra kvaliteten hos luften vi andas.\u00a0Enligt UNEP skulle h\u00e4lsof\u00f6rdelarna med att minska sot realiseras s\u00e5 gott som omedelbart och fr\u00e4mst i de l\u00e4nder och regioner som agerar f\u00f6r att minska sina utsl\u00e4pp.<\/p>","protected":false},"excerpt":{"rendered":"<p>Betydelsen av Kortlivade Klimatp\u00e5verkande Luftf\u00f6roreningar M\u00e5nga regioner i v\u00e4rlden lider av snabbare klimatf\u00f6r\u00e4ndringar och allvarliga problem med luftkvaliteten, ofta av b\u00e4gge.\u00a0Dessa inkluderar Arktis, Sydasien, delar av Afrika, och m\u00e5nga bergsomr\u00e5den och t\u00e4tbefolkade kustomr\u00e5den.\u00a0I Arktis och Himalaya, sker uppv\u00e4rmningen dubbelt s\u00e5 snabbt som globalt.\u00a0 Det har gett rekordl\u00e5g utstr\u00e4ckning av havsisen i Arktis de senaste 4 [&#8230;]\n","protected":false},"author":1,"featured_media":0,"parent":0,"menu_order":0,"comment_status":"open","ping_status":"open","template":"page-right-sidebar.php","meta":{"_lmt_disableupdate":"","_lmt_disable":"","_monsterinsights_skip_tracking":false,"_monsterinsights_sitenote_active":false,"_monsterinsights_sitenote_note":"","_monsterinsights_sitenote_category":0,"footnotes":""},"class_list":["post-331","page","type-page","status-publish","hentry"],"_links":{"self":[{"href":"https:\/\/iccinet.org\/sv\/wp-json\/wp\/v2\/pages\/331","targetHints":{"allow":["GET"]}}],"collection":[{"href":"https:\/\/iccinet.org\/sv\/wp-json\/wp\/v2\/pages"}],"about":[{"href":"https:\/\/iccinet.org\/sv\/wp-json\/wp\/v2\/types\/page"}],"author":[{"embeddable":true,"href":"https:\/\/iccinet.org\/sv\/wp-json\/wp\/v2\/users\/1"}],"replies":[{"embeddable":true,"href":"https:\/\/iccinet.org\/sv\/wp-json\/wp\/v2\/comments?post=331"}],"version-history":[{"count":4,"href":"https:\/\/iccinet.org\/sv\/wp-json\/wp\/v2\/pages\/331\/revisions"}],"predecessor-version":[{"id":429,"href":"https:\/\/iccinet.org\/sv\/wp-json\/wp\/v2\/pages\/331\/revisions\/429"}],"wp:attachment":[{"href":"https:\/\/iccinet.org\/sv\/wp-json\/wp\/v2\/media?parent=331"}],"curies":[{"name":"wp","href":"https:\/\/api.w.org\/{rel}","templated":true}]}}