{"id":4529,"date":"2023-03-23T15:43:36","date_gmt":"2023-03-23T15:43:36","guid":{"rendered":"https:\/\/iccinet.org\/?page_id=4529"},"modified":"2023-03-23T16:15:30","modified_gmt":"2023-03-23T16:15:30","slug":"cryosphere-capsules-sign-up","status":"publish","type":"page","link":"https:\/\/iccinet.org\/sv\/cryosphere-capsules-sign-up\/","title":{"rendered":"Kryosf\u00e4rkapslar"},"content":{"rendered":"<section class=\"section\" id=\"section_161507619\">\n\t\t<div class=\"bg section-bg fill bg-fill  bg-loaded\" >\n\n\t\t\t\n\t\t\t<div class=\"section-bg-overlay absolute fill\"><\/div>\n\t\t\t\n\n\t\t<\/div>\n\n\t\t\n\n\t\t<div class=\"section-content relative\">\n\t\t\t\n<div class=\"row row-collapse align-center\"  id=\"row-1372945614\">\n\n\t<div id=\"col-1893113922\" class=\"col small-12 large-12\"  >\n\t\t\t\t<div class=\"col-inner text-center\"  >\n\t\t\t\n\t\t\t\n\t<div id=\"text-578604656\" class=\"text\">\n\t\t\n<p style=\"text-align: left;\">Enter your email below to receive our weekly \u2018Cryosphere Capsules\u2019 newsletter, summarizing the latest important developments in cryosphere and climate science. Read more on our <a href=\"https:\/\/iccinet.org\/sv\/category\/cryosphere-capsules\/\"><strong>Kryosf\u00e4rkapslar<\/strong><\/a> page.<script>(function() {\n\twindow.mc4wp = window.mc4wp || {\n\t\tlisteners: [],\n\t\tforms: {\n\t\t\ton: function(evt, cb) {\n\t\t\t\twindow.mc4wp.listeners.push(\n\t\t\t\t\t{\n\t\t\t\t\t\tevent   : evt,\n\t\t\t\t\t\tcallback: cb\n\t\t\t\t\t}\n\t\t\t\t);\n\t\t\t}\n\t\t}\n\t}\n})();\n<\/script><!-- Mailchimp for WordPress v4.12.2 - https:\/\/wordpress.org\/plugins\/mailchimp-for-wp\/ --><form id=\"mc4wp-form-1\" class=\"mc4wp-form mc4wp-form-1655\" method=\"post\" data-id=\"1655\" data-name=\"Subscribe\" action=\"\" ><div class=\"mc4wp-form-fields\"><p style=\"font-family:'Open Sans'\">\r\n  <label>Prenumerera Idag\r\n    <br><br>\r\n  <input type=\"email\" name=\"EMAIL\" placeholder=\"Din e-postadress\" required \/>\r\n<\/label>\r\n<\/p>\r\n\r\n<p>\r\n\t<input type=\"submit\" style=\"font-family:'Open Sans';font-size:15px;border-radius:99px;display:inline-block;\" value=\"Registrera dig\"\/>\r\n<\/p>\r\n\r\n<\/div><label style=\"display: none !important;\">L\u00e5t detta f\u00e4lt vara tomt om du \u00e4r m\u00e4nniska: <input type=\"text\" name=\"_mc4wp_honeypot\" value=\"\" tabindex=\"-1\" autocomplete=\"off\" \/><\/label><input type=\"hidden\" name=\"_mc4wp_timestamp\" value=\"1776760930\" \/><input type=\"hidden\" name=\"_mc4wp_form_id\" value=\"1655\" \/><input type=\"hidden\" name=\"_mc4wp_form_element_id\" value=\"mc4wp-form-1\" \/><div class=\"mc4wp-response\"><\/div><input type=\"hidden\" name=\"trp-form-language\" value=\"sv\"\/><\/form><!-- \/ Mailchimp for WordPress Plugin -->\n\t\t\n<style>\n#text-578604656 {\n  text-align: left;\n}\n<\/style>\n\t<\/div>\n\t\n\t\t<\/div>\n\t\t\t\t\n<style>\n#col-1893113922 > .col-inner {\n  padding: 50px 0px 50px 0px;\n}\n<\/style>\n\t<\/div>\n\n\t\n<\/div>\n\t\t<\/div>\n\n\t\t\n<style>\n#section_161507619 {\n  padding-top: 0px;\n  padding-bottom: 0px;\n  background-color: #5b9abe;\n}\n#section_161507619 .section-bg-overlay {\n  background-color: rgba(255, 255, 255, 0.85);\n}\n#section_161507619 .ux-shape-divider--top svg {\n  height: 150px;\n  --divider-top-width: 100%;\n}\n#section_161507619 .ux-shape-divider--bottom svg {\n  height: 150px;\n  --divider-width: 100%;\n}\n<\/style>\n\t<\/section>","protected":false},"excerpt":{"rendered":"","protected":false},"author":2,"featured_media":0,"parent":0,"menu_order":0,"comment_status":"closed","ping_status":"closed","template":"","meta":{"_lmt_disableupdate":"no","_lmt_disable":"","_monsterinsights_skip_tracking":false,"_monsterinsights_sitenote_active":false,"_monsterinsights_sitenote_note":"","_monsterinsights_sitenote_category":0,"footnotes":""},"class_list":["post-4529","page","type-page","status-publish","hentry"],"_links":{"self":[{"href":"https:\/\/iccinet.org\/sv\/wp-json\/wp\/v2\/pages\/4529","targetHints":{"allow":["GET"]}}],"collection":[{"href":"https:\/\/iccinet.org\/sv\/wp-json\/wp\/v2\/pages"}],"about":[{"href":"https:\/\/iccinet.org\/sv\/wp-json\/wp\/v2\/types\/page"}],"author":[{"embeddable":true,"href":"https:\/\/iccinet.org\/sv\/wp-json\/wp\/v2\/users\/2"}],"replies":[{"embeddable":true,"href":"https:\/\/iccinet.org\/sv\/wp-json\/wp\/v2\/comments?post=4529"}],"version-history":[{"count":13,"href":"https:\/\/iccinet.org\/sv\/wp-json\/wp\/v2\/pages\/4529\/revisions"}],"predecessor-version":[{"id":4532,"href":"https:\/\/iccinet.org\/sv\/wp-json\/wp\/v2\/pages\/4529\/revisions\/4532"}],"wp:attachment":[{"href":"https:\/\/iccinet.org\/sv\/wp-json\/wp\/v2\/media?parent=4529"}],"curies":[{"name":"wp","href":"https:\/\/api.w.org\/{rel}","templated":true}]}}