{"id":659,"date":"2013-10-28T15:12:25","date_gmt":"2013-10-28T15:12:25","guid":{"rendered":"http:\/\/iccinet.org\/?page_id=659"},"modified":"2026-04-08T00:47:58","modified_gmt":"2026-04-08T00:47:58","slug":"icci-at-a-glance","status":"publish","type":"page","link":"https:\/\/iccinet.org\/sv\/icci-at-a-glance\/","title":{"rendered":"ICCI At a Glance"},"content":{"rendered":"<p>Formed in 2009 immediately after COP-15 in Copenhagen, ICCI is a network of senior policy experts and researchers working with governments and organizations to create, shape and implement initiatives designed to preserve as much of the Earth\u2019s cryosphere as possible. ICCI programs target the unique climate dynamics at work in the cryosphere, while at the same time lending increased urgency to global climate efforts aimed at CO2 and other greenhouse gases by communicating the unexpected rapidity and global implications of cryosphere warming.<\/p>\n<p>ICCI\u2019s directors and policy experts \u2013 the latter entirely volunteer \u2013 comprise its primary resource. As former management-level civil servants, ICCI directors fully understand the challenges facing even the most committed national and international leaders. Policy advice and support for governments and NGOs on a new yet important issue such as the cryosphere has never proven more essential. ICCI quietly is working to fill that gap, with the urgency the cryosphere deserves.<\/p>\n<p>ICCI verkar f\u00f6r n\u00e4rvarande som tv\u00e5 juridiska personer: ICCI, en icke-vinstdrivande organisation 501(c)(3) i USA som fungerar som den globala organisationen och har sitt s\u00e4te i Burlington, Vermont; och ICCI-Europe, en v\u00e4lg\u00f6renhetsorganisation under svensk reglering med s\u00e4te i Stockholm, Sverige.<\/p>\n<p>ICCI<br \/>\n130 Sargent Hill Road<br \/>\nPawlet, VT 05761<\/p>\n<h3 style=\"text-align: center;\">ICCI gratefully acknowledges the support of:<\/h3>\n<p><img loading=\"lazy\" decoding=\"async\" class=\"aligncenter wp-image-819\" title=\"logo copy\" src=\"http:\/\/iccinet.org\/wp-content\/uploads\/2013\/10\/logo-copy.jpg\" alt=\"\" width=\"649\" height=\"244\" srcset=\"https:\/\/iccinet.org\/wp-content\/uploads\/2013\/10\/logo-copy.jpg 800w, https:\/\/iccinet.org\/wp-content\/uploads\/2013\/10\/logo-copy-300x112.jpg 300w\" sizes=\"auto, (max-width: 649px) 100vw, 649px\" \/><\/p>","protected":false},"excerpt":{"rendered":"<p>Formed in 2009 immediately after COP-15 in Copenhagen, ICCI is a network of senior policy experts and researchers working with governments and organizations to create, shape and implement initiatives designed to preserve as much of the Earth\u2019s cryosphere as possible. ICCI programs target the unique climate dynamics at work in the cryosphere, while at the [&#8230;]\n","protected":false},"author":1,"featured_media":0,"parent":0,"menu_order":0,"comment_status":"closed","ping_status":"closed","template":"","meta":{"_lmt_disableupdate":"no","_lmt_disable":"","_monsterinsights_skip_tracking":false,"_monsterinsights_sitenote_active":false,"_monsterinsights_sitenote_note":"","_monsterinsights_sitenote_category":0,"footnotes":""},"class_list":["post-659","page","type-page","status-publish","hentry"],"_links":{"self":[{"href":"https:\/\/iccinet.org\/sv\/wp-json\/wp\/v2\/pages\/659","targetHints":{"allow":["GET"]}}],"collection":[{"href":"https:\/\/iccinet.org\/sv\/wp-json\/wp\/v2\/pages"}],"about":[{"href":"https:\/\/iccinet.org\/sv\/wp-json\/wp\/v2\/types\/page"}],"author":[{"embeddable":true,"href":"https:\/\/iccinet.org\/sv\/wp-json\/wp\/v2\/users\/1"}],"replies":[{"embeddable":true,"href":"https:\/\/iccinet.org\/sv\/wp-json\/wp\/v2\/comments?post=659"}],"version-history":[{"count":7,"href":"https:\/\/iccinet.org\/sv\/wp-json\/wp\/v2\/pages\/659\/revisions"}],"predecessor-version":[{"id":7600,"href":"https:\/\/iccinet.org\/sv\/wp-json\/wp\/v2\/pages\/659\/revisions\/7600"}],"wp:attachment":[{"href":"https:\/\/iccinet.org\/sv\/wp-json\/wp\/v2\/media?parent=659"}],"curies":[{"name":"wp","href":"https:\/\/api.w.org\/{rel}","templated":true}]}}