{"id":2582,"date":"2021-10-27T18:18:22","date_gmt":"2021-10-27T18:18:22","guid":{"rendered":"http:\/\/iccinet.org\/?page_id=2582"},"modified":"2022-07-21T14:47:38","modified_gmt":"2022-07-21T14:47:38","slug":"mountain-glaciers-and-snow-worldwide-at-cop26","status":"publish","type":"page","link":"https:\/\/iccinet.org\/zh\/cop-26-cryosphere-pavilion\/mountain-glaciers-and-snow-worldwide-at-cop26\/","title":{"rendered":"Mountain Glaciers and Snow: Worldwide at COP26"},"content":{"rendered":"<h2><span style=\"text-decoration: underline;\"><strong>((Nov. 7 (Sunday): Entire SEC venue closed, but many outside events))<\/strong><\/span><\/h2>\n<h2><strong><u>Nov. 8 (Monday): Mountain Glaciers and Snow: Worldwide<\/u><\/strong><\/h2>\n<p><strong>10:00\u00a0\u00a0 Southern Hemisphere Glaciers: Andes and New Zealand<\/strong><\/p>\n<p>The glaciers of the Andes, Patagonia and New Zealand are among those in the world losing ice most quickly.\u00a0 This event will look at projections for the future at different emissions choices, and implications for water resources and local populations.<\/p>\n<p>Organized by ETH Zurich and University of Victoria\/Wellington<\/p>\n<p>Speakers: Lauren Vargo, Victoria University of Wellington\/Te Herenga Waka; Loris Compagno, ETH Zurich; Georg Kaser, IPCC\/Professor Emeritus, University of Innsbruck<\/p>\n<p><strong>11:30\u00a0\u00a0 Snowpack, Glaciers and Water Supply: Future Projections<\/strong><\/p>\n<p>The IPCC\u2019s recent AR6\/Physical Science report noted that glaciers are now receding and losing ice worldwide, even in regions where they seemed stable before.\u00a0 Most glacier regions have now passed \u201cpeak water,\u201d where melt was at its highest. Snowpack also is decreasing in important watersheds, such as the North American West.\u00a0 Glaciers have shown they can recede quickly and even disappear; but they will be slow to grow back, especially with continued high emissions and temperatures.\u00a0 What will be the implications for ecosystem services such as electric power, water supplies for drinking and agriculture, and other needs?<\/p>\n<p>Organized by the University of Oslo<\/p>\n<p>Speakers: Regine Hock, IPCC\/University of Oslo\/University of Alaska; Loris Compagno, ETH Zurich<\/p>\n<p><strong>13:00\u00a0\u00a0 Preservation of Glaciers at 1.5\u00b0C<\/strong><\/p>\n<p>For some mid-latitude glacier regions such as Scandinavia and the western U.S., the difference between 1.5\u00b0C and 2\u00b0C is the difference between some small preservation of glacier ice; and none at all.\u00a0 A region-by-region run through of the benefits of meeting the 1.5\u00b0C goal for the world\u2019s glacier systems.<\/p>\n<p>Organized by the University of Oslo<\/p>\n<p>Speakers: Valerie Masson-Delmotte, IPCC Vice-chair; Regine Hock, IPCC\/University of Oslo\/University of Alaska; Georg Kaser, IPCC\/Professor Emeritus, University of Innsbruck<\/p>\n<p><strong>14:30\u00a0\u00a0 Importance of Snow: Seasonal Scottish and U.S. Cryosphere<\/strong><\/p>\n<p>Scotland has no glaciers, but extensive seasonal cryosphere in the form of snow; supporting an extensive ski industry as well as other forms of recreation.\u00a0 What is the future of this seasonal snow-based cryosphere in Scotland and globally, and what might be learned from other similar regions with important snow-based industry, such as New England?<\/p>\n<p>Organized by Cairngorms National Park, ICCI<\/p>\n<p>Speakers: Grant Moir, Chief Executive, Cairngorms National Park Authority;<\/p>\n<p>Georg Kaser, IPCC\/Professor Emeritus, University of Innsbruck<\/p>\n<p><strong>16:00 Joint Event with Geneva Hub: A fragile future: can mountain communities adapt to climate change?<\/strong><\/p>\n<p>Climate change threatens the vast high latitude and high altitude cold regions of the world that provide freshwater to over half of humanity. What impacts of climate change on the cryosphere have already been experienced in Latin America, Central Asia and the Andes? What risks will these regions be exposed to? After addressing these questions, the panelists will explore adaptation solutions and experiences, especially in mountain areas, with a focus on developing countries.<\/p>\n<p>Organized by the University of Geneva.<\/p>\n<p>Speakers: Prof. J\u00f6rg Balsiger, University of Geneva; Prof. Christian Huggel, University of Z\u00fcrich; Prof. Martin H\u00f6lzle, University of Fribourg; Prof. Markus Stoffel, University of Geneva: Randy Mu\u00f1oz, University of Zurich; Dr. Carolina Adler, Mountain Research Initiative; Elena Manaenkova, Deputy Secretary-General, WMO;\u00a0 Dr. Radha Wagle, UNFCCC Focal Point, Joint Secretary, Ministry of Forests and Environment, Nepal; Ms. Nino Tkhilava, UNFCCC Focal Point, Ministry of Environmental Protection and Agriculture, Georgia; Janine Kuriger, Head, Global Programme Climate Change and Environment, SDC; Marlene Kronenberg, glaciologist, University of Fribourg; Miguel Vera-Lugo, Biologist, Consorcio para el Desarrollo Sostenible de la Ecorregi\u00f3n Andina CONDESAN; Izabella Koziell, Deputy Director General, ICIMOD; with the participation of members of the Swiss delegation.<\/p>\n<p><strong>18:00\u00a0\u00a0 Life Without Glaciers?<\/strong><\/p>\n<p>Are we prepared for the loss of our mountain glaciers? Through concrete examples from three continents &#8212; the Tarim Basin, the northern Andes and the Alps &#8212; we will explore the direct and indirect consequences of glacier loss; needed emissions reductions to prevent or minimize this outcome; ways to adapt, and levels at which adaptation may not be feasible.<\/p>\n<p>Organized by Royal Holloway, University of London<\/p>\n<p>Speakers: Bethan Davies, Royal Holloway; Georg Kaser, IPCC\/Professor Emeritus, University of Innsbruck; Regine Hock, IPCC\/University of Oslo\/University of Alaska; Christian Huggel, University of Z\u00fcrich<\/p>\n<p><strong>19:30\u00a0\u00a0 Cryosphere C\u00e8lidh: Switzerland<\/strong><\/p>","protected":false},"excerpt":{"rendered":"<p>((Nov. 7 (Sunday): Entire SEC venue closed, but many outside events)) Nov. 8 (Monday): Mountain Glaciers and Snow: Worldwide 10:00\u00a0\u00a0 Southern Hemisphere Glaciers: Andes and New Zealand The glaciers of the Andes, Patagonia and New Zealand are among those in the world losing ice most quickly.\u00a0 This event will look at projections for the future [&#8230;]\n","protected":false},"author":1,"featured_media":0,"parent":2542,"menu_order":0,"comment_status":"closed","ping_status":"closed","template":"","meta":{"_lmt_disableupdate":"","_lmt_disable":"","_monsterinsights_skip_tracking":false,"_monsterinsights_sitenote_active":false,"_monsterinsights_sitenote_note":"","_monsterinsights_sitenote_category":0,"footnotes":""},"class_list":["post-2582","page","type-page","status-publish","hentry"],"_links":{"self":[{"href":"https:\/\/iccinet.org\/zh\/wp-json\/wp\/v2\/pages\/2582","targetHints":{"allow":["GET"]}}],"collection":[{"href":"https:\/\/iccinet.org\/zh\/wp-json\/wp\/v2\/pages"}],"about":[{"href":"https:\/\/iccinet.org\/zh\/wp-json\/wp\/v2\/types\/page"}],"author":[{"embeddable":true,"href":"https:\/\/iccinet.org\/zh\/wp-json\/wp\/v2\/users\/1"}],"replies":[{"embeddable":true,"href":"https:\/\/iccinet.org\/zh\/wp-json\/wp\/v2\/comments?post=2582"}],"version-history":[{"count":4,"href":"https:\/\/iccinet.org\/zh\/wp-json\/wp\/v2\/pages\/2582\/revisions"}],"predecessor-version":[{"id":3186,"href":"https:\/\/iccinet.org\/zh\/wp-json\/wp\/v2\/pages\/2582\/revisions\/3186"}],"up":[{"embeddable":true,"href":"https:\/\/iccinet.org\/zh\/wp-json\/wp\/v2\/pages\/2542"}],"wp:attachment":[{"href":"https:\/\/iccinet.org\/zh\/wp-json\/wp\/v2\/media?parent=2582"}],"curies":[{"name":"wp","href":"https:\/\/api.w.org\/{rel}","templated":true}]}}