{"id":2588,"date":"2021-10-27T18:20:04","date_gmt":"2021-10-27T18:20:04","guid":{"rendered":"http:\/\/iccinet.org\/?page_id=2588"},"modified":"2022-07-21T14:53:04","modified_gmt":"2022-07-21T14:53:04","slug":"50x30-for-cryosphere-day-2-at-cop26","status":"publish","type":"page","link":"https:\/\/iccinet.org\/zh\/cop-26-cryosphere-pavilion\/50x30-for-cryosphere-day-2-at-cop26\/","title":{"rendered":"50&#215;30 for Cryosphere Day 2 at COP26"},"content":{"rendered":"<h2><span style=\"text-decoration: underline;\"><strong>Nov. 11 (Thursday): 50&#215;30 for Cryosphere II<\/strong><\/span><\/h2>\n<p><strong>10:00\u00a0\u00a0\u00a0 Indigenous Knowledge and Cryosphere Science<\/strong><\/p>\n<p>Arctic and Mountain indigenous peoples have intimate knowledge of the regions in which they live and the ongoing impacts of climate change; but rarely are included in published research. How can this gap be addressed?\u00a0 Includes the world premiere of a documentary on the connection between indigenous knowledge and science.<\/p>\n<p>Organized by Massey University Wellington<\/p>\n<p>Speakers: Tiana Carter, Ministry of Foreign Affairs and Trade New Zealand (MFAT); Penehuro Lefale, Ministry of Climate Oceans and Resilience, Government of Tokelau; Ruth Miller, Native Movement (Alaska); Maka Monture Paki, Always Indigenous Media, Trans-Pacific Youth Delegation; Kelly Moneymaker, Massey University\u00a0<\/p>\n<p><strong>11:30\u00a0\u00a0\u00a0 Black Carbon and Cookstoves: Solar Cookers<\/strong><\/p>\n<p>Solar cookers have no emissions, including of black carbon; and use solar energy for cooking and water pasteurization. One solar cooker can avoid burning one metric ton of wood in a year. Over 4 million solar cookers have been deployed around the globe, impacting over 14.3 million people and with an estimated 30 million metric tons of carbon dioxide emissions avoided over their lifetime.<\/p>\n<p>Organized by Solar Cookers International<\/p>\n<p>Speakers: Caitlyn Hughes, Solar Cookers International, others TBD<\/p>\n<p><strong>13:00\u00a0\u00a0\u00a0 <\/strong><strong>Connections Between Arctic Sea Ice Loss and European Weather<\/strong><\/p>\n<p>One degree warming globally means 2 degrees warming in Europe. Loss of Arctic Sea ice is linked to faster warming in Europe, making communities ever more vulnerable to dangerous heat waves and severe storms. This session is about links between loss of Arctic Sea ice, pollution and accelerated warming in Europe and North America.<\/p>\n<p>Organized by the Bolin Centre and NSIDC<\/p>\n<p>Speakers; Dr. Alasdair Skelton, Co-director, Bolin Centre of Stockholm University; Dr. Mark Serreze, Director, NSIDC<\/p>\n<p><strong>14:30\u00a0\u00a0\u00a0 It\u2019s Not Just Temperature: Issues of Sulfates Injection to \u201cCool\u201d the Climate<\/strong><\/p>\n<p>Use of sulphate pollution to cool the planet has been put forward by some proponents as a way to \u201cbuy time\u201d for the climate.\u00a0 However, this proposal carries with it a number of known negative impacts, ranging from increased ocean acidification, to massive crop failures in the Northern Hemisphere and monsoon disturbance in India.\u00a0 Testing of this technology has also been proposed over regions of the Navajo Nation and S\u00e1pmi without consultation or consent.\u00a0 This side event will explore the science and history of such negative impacts, in order to promote a better-informed debate.<\/p>\n<p>Organized by the Bolin Centre\/Stockholm University and S\u00e1mir\u00e1ddi\/ Saami Council<\/p>\n<p>Speakers: \u00c5sa Larson Blind, Vice-President, S\u00e1mir\u00e1ddi\/ Saami Council; Dr. Alasdair Skelton, Bolin Centre<\/p>\n<p><strong>16:00\u00a0\u00a0\u00a0 Just Transition for North Sea Oil<\/strong><\/p>\n<p>What is required for a just transition in oil-producing countries, in order to protect workers in the industry as fossil fuel use is of necessity phased out?\u00a0 A look at Scotland\u2019s plans and challenges in light of the new Beyond Oil and Gas Initiative.<\/p>\n<p>Organized by the Government of Scotland and Protect Our Winters-UK<\/p>\n<p>Speakers: Lauren MacCallum, Protect Our Winters-Scotland; Richard Lochhead, Minister for Just Transition, Employment and Fair Work<\/p>\n<p><strong>18:00\u00a0\u00a0\u00a0 State of the Cryosphere Report 2021<\/strong><\/p>\n<p>This first State of the Cryosphere report, released just before COP-26 and annually through 2030, summarizes the best scientific understanding of its authors and reviewers \u2013 IPCC authors and cutting-edge researchers \u2013 of what the essentially permanent impacts from cryosphere will be if we choose to exceed 1.5\u00b0C or more.\u00a0 It does not take as its benchmark 2100; but the ultimate cost of inaction to the planet and human communities.<\/p>\n<p>Organized by Grantham Institute, University of Massachusetts-Amherst, NSIDC, Bolin Centre, University of Oslo and ICCI<\/p>\n<p>Speakers: Dr. Joeri Rogelj, IPCC AR5\/SR1.5 CLA\/ AR6, Grantham; Dr. Julie Brigham-Grette, former Chair, US Polar Research Board, University of Massachusetts Amherst, Dr. Mark Serreze, NSIDC; Dr. Alasdair Skelton, Bolin Centre; Dr. Regine Huss, IPCC SROCC\/AR6, University of Oslo; Pam Pearson, Director, ICCI<\/p>\n<p><strong>19:30\u00a0\u00a0\u00a0 Cryosphere C\u00e8lidh: <\/strong><strong>S\u00e1mir\u00e1ddi\/ Saami Council (tbc)<\/strong><\/p>\n<h2><span style=\"text-decoration: underline;\"><strong>Nov. 12 (Friday): Open (Held for Negotiation-Relevant Events)<\/strong><\/span><\/h2>","protected":false},"excerpt":{"rendered":"<p>Nov. 11 (Thursday): 50&#215;30 for Cryosphere II 10:00\u00a0\u00a0\u00a0 Indigenous Knowledge and Cryosphere Science Arctic and Mountain indigenous peoples have intimate knowledge of the regions in which they live and the ongoing impacts of climate change; but rarely are included in published research. How can this gap be addressed?\u00a0 Includes the world premiere of a documentary [&#8230;]\n","protected":false},"author":1,"featured_media":0,"parent":2542,"menu_order":0,"comment_status":"closed","ping_status":"closed","template":"","meta":{"_lmt_disableupdate":"","_lmt_disable":"","_monsterinsights_skip_tracking":false,"_monsterinsights_sitenote_active":false,"_monsterinsights_sitenote_note":"","_monsterinsights_sitenote_category":0,"footnotes":""},"class_list":["post-2588","page","type-page","status-publish","hentry"],"_links":{"self":[{"href":"https:\/\/iccinet.org\/zh\/wp-json\/wp\/v2\/pages\/2588","targetHints":{"allow":["GET"]}}],"collection":[{"href":"https:\/\/iccinet.org\/zh\/wp-json\/wp\/v2\/pages"}],"about":[{"href":"https:\/\/iccinet.org\/zh\/wp-json\/wp\/v2\/types\/page"}],"author":[{"embeddable":true,"href":"https:\/\/iccinet.org\/zh\/wp-json\/wp\/v2\/users\/1"}],"replies":[{"embeddable":true,"href":"https:\/\/iccinet.org\/zh\/wp-json\/wp\/v2\/comments?post=2588"}],"version-history":[{"count":4,"href":"https:\/\/iccinet.org\/zh\/wp-json\/wp\/v2\/pages\/2588\/revisions"}],"predecessor-version":[{"id":3189,"href":"https:\/\/iccinet.org\/zh\/wp-json\/wp\/v2\/pages\/2588\/revisions\/3189"}],"up":[{"embeddable":true,"href":"https:\/\/iccinet.org\/zh\/wp-json\/wp\/v2\/pages\/2542"}],"wp:attachment":[{"href":"https:\/\/iccinet.org\/zh\/wp-json\/wp\/v2\/media?parent=2588"}],"curies":[{"name":"wp","href":"https:\/\/api.w.org\/{rel}","templated":true}]}}